{"id":1039,"date":"2021-12-21T20:12:56","date_gmt":"2021-12-21T20:12:56","guid":{"rendered":"https:\/\/static-colors.ch\/about-us\/"},"modified":"2025-03-03T18:16:05","modified_gmt":"2025-03-03T18:16:05","slug":"qui-sommes-nous","status":"publish","type":"page","link":"https:\/\/static-colors.ch\/de\/qui-sommes-nous\/","title":{"rendered":"Wer sind wir?"},"content":{"rendered":"<div data-elementor-type=\"wp-page\" data-elementor-id=\"1039\" class=\"elementor elementor-1039\" data-elementor-post-type=\"page\">\n\t\t\t\t\t\t<section class=\"elementor-section elementor-top-section elementor-element elementor-element-f1fb84e elementor-section-boxed elementor-section-height-default elementor-section-height-default\" data-id=\"f1fb84e\" data-element_type=\"section\">\n\t\t\t\t\t\t<div class=\"elementor-container elementor-column-gap-default\">\n\t\t\t\t\t<div class=\"elementor-column elementor-col-100 elementor-top-column elementor-element elementor-element-b95565c\" data-id=\"b95565c\" data-element_type=\"column\">\n\t\t\t<div class=\"elementor-widget-wrap elementor-element-populated\">\n\t\t\t\t\t\t<div class=\"elementor-element elementor-element-f5f169e e-transform e-transform elementor-widget elementor-widget-heading\" data-id=\"f5f169e\" data-element_type=\"widget\" data-settings=\"{&quot;_transform_translateX_effect_hover&quot;:{&quot;unit&quot;:&quot;px&quot;,&quot;size&quot;:5,&quot;sizes&quot;:[]},&quot;_transform_translateX_effect_hover_tablet&quot;:{&quot;unit&quot;:&quot;px&quot;,&quot;size&quot;:&quot;&quot;,&quot;sizes&quot;:[]},&quot;_transform_translateX_effect_hover_mobile&quot;:{&quot;unit&quot;:&quot;px&quot;,&quot;size&quot;:&quot;&quot;,&quot;sizes&quot;:[]},&quot;_transform_translateY_effect_hover&quot;:{&quot;unit&quot;:&quot;px&quot;,&quot;size&quot;:&quot;&quot;,&quot;sizes&quot;:[]},&quot;_transform_translateY_effect_hover_tablet&quot;:{&quot;unit&quot;:&quot;px&quot;,&quot;size&quot;:&quot;&quot;,&quot;sizes&quot;:[]},&quot;_transform_translateY_effect_hover_mobile&quot;:{&quot;unit&quot;:&quot;px&quot;,&quot;size&quot;:&quot;&quot;,&quot;sizes&quot;:[]},&quot;_transform_scale_effect_hover&quot;:{&quot;unit&quot;:&quot;px&quot;,&quot;size&quot;:&quot;&quot;,&quot;sizes&quot;:[]},&quot;_transform_scale_effect_hover_tablet&quot;:{&quot;unit&quot;:&quot;px&quot;,&quot;size&quot;:&quot;&quot;,&quot;sizes&quot;:[]},&quot;_transform_scale_effect_hover_mobile&quot;:{&quot;unit&quot;:&quot;px&quot;,&quot;size&quot;:&quot;&quot;,&quot;sizes&quot;:[]}}\" data-widget_type=\"heading.default\">\n\t\t\t\t<div class=\"elementor-widget-container\">\n\t\t\t\t\t<h2 class=\"elementor-heading-title elementor-size-default\">Das Unternehmen<\/h2>\t\t\t\t<\/div>\n\t\t\t\t<\/div>\n\t\t\t\t\t<\/div>\n\t\t<\/div>\n\t\t\t\t\t<\/div>\n\t\t<\/section>\n\t\t\t\t<section class=\"elementor-section elementor-top-section elementor-element elementor-element-bba6cb0 elementor-section-boxed elementor-section-height-default elementor-section-height-default\" data-id=\"bba6cb0\" data-element_type=\"section\">\n\t\t\t\t\t\t<div class=\"elementor-container elementor-column-gap-extended\">\n\t\t\t\t\t<div class=\"elementor-column elementor-col-50 elementor-top-column elementor-element elementor-element-caebb6a\" data-id=\"caebb6a\" data-element_type=\"column\">\n\t\t\t<div class=\"elementor-widget-wrap elementor-element-populated\">\n\t\t\t\t\t\t<div class=\"elementor-element elementor-element-d0d11e3 elementor-widget elementor-widget-text-editor\" data-id=\"d0d11e3\" data-element_type=\"widget\" data-widget_type=\"text-editor.default\">\n\t\t\t\t<div class=\"elementor-widget-container\">\n\t\t\t\t\t\t\t\t\t<p>Static Colors ist ein lokales Unternehmen mit Sitz in der Romandie und in der gesamten Schweiz und international t\u00e4tig. Unsere Teams mit mehr als <strong>10 Jahre Erfahrung<\/strong> bei der Anwendung von <strong>elektrostatische Farben<\/strong>stellen Ihnen ihr Know-how und ihre Expertise zur Verf\u00fcgung, um alle Ihre Bed\u00fcrfnisse mit Pr\u00e4zision und Professionalit\u00e4t zu erf\u00fcllen.<\/p>\t\t\t\t\t\t\t\t<\/div>\n\t\t\t\t<\/div>\n\t\t\t\t\t<\/div>\n\t\t<\/div>\n\t\t\t\t<div class=\"elementor-column elementor-col-50 elementor-top-column elementor-element elementor-element-a271c13\" data-id=\"a271c13\" data-element_type=\"column\">\n\t\t\t<div class=\"elementor-widget-wrap elementor-element-populated\">\n\t\t\t\t\t\t<div class=\"elementor-element elementor-element-5f685f3 elementor-widget elementor-widget-text-editor\" data-id=\"5f685f3\" data-element_type=\"widget\" data-widget_type=\"text-editor.default\">\n\t\t\t\t<div class=\"elementor-widget-container\">\n\t\t\t\t\t\t\t\t\t<p data-pm-slice=\"0 0 []\">Wir haben au\u00dferdem eine eigene Abteilung eingerichtet, <strong>der Nanotechnologie gewidmet<\/strong>. Forts de notre savoir-faire pointu et de notre engagement constant envers l&#8217;innovation, nous accompagnons la concr\u00e9tisation des projets les plus ambitieux. Gr\u00e2ce \u00e0 notre expertise et \u00e0 notre ma\u00eetrise des <strong>Spitzentechnologien<\/strong>, wir bieten an jedes Projekt angepasste L\u00f6sungen, auch an die anspruchsvollsten.<\/p>\t\t\t\t\t\t\t\t<\/div>\n\t\t\t\t<\/div>\n\t\t\t\t\t<\/div>\n\t\t<\/div>\n\t\t\t\t\t<\/div>\n\t\t<\/section>\n\t\t<div class=\"elementor-element elementor-element-298e4ec e-flex e-con-boxed e-con e-parent\" data-id=\"298e4ec\" data-element_type=\"container\">\n\t\t\t\t\t<div class=\"e-con-inner\">\n\t\t\t\t<div class=\"elementor-element elementor-element-e6c9bf2 elementor-widget elementor-widget-spacer\" data-id=\"e6c9bf2\" data-element_type=\"widget\" data-widget_type=\"spacer.default\">\n\t\t\t\t<div class=\"elementor-widget-container\">\n\t\t\t\t\t\t\t<div class=\"elementor-spacer\">\n\t\t\t<div class=\"elementor-spacer-inner\"><\/div>\n\t\t<\/div>\n\t\t\t\t\t\t<\/div>\n\t\t\t\t<\/div>\n\t\t\t\t\t<\/div>\n\t\t\t\t<\/div>\n\t\t<div class=\"elementor-element elementor-element-3c78720 e-flex e-con-boxed e-con e-parent\" data-id=\"3c78720\" data-element_type=\"container\">\n\t\t\t\t\t<div class=\"e-con-inner\">\n\t\t\t\t<div class=\"elementor-element elementor-element-22d591c e-transform elementor-widget elementor-widget-heading\" data-id=\"22d591c\" data-element_type=\"widget\" data-settings=\"{&quot;_transform_translateX_effect_hover&quot;:{&quot;unit&quot;:&quot;px&quot;,&quot;size&quot;:5,&quot;sizes&quot;:[]},&quot;_transform_translateX_effect_hover_tablet&quot;:{&quot;unit&quot;:&quot;px&quot;,&quot;size&quot;:&quot;&quot;,&quot;sizes&quot;:[]},&quot;_transform_translateX_effect_hover_mobile&quot;:{&quot;unit&quot;:&quot;px&quot;,&quot;size&quot;:&quot;&quot;,&quot;sizes&quot;:[]},&quot;_transform_translateY_effect_hover&quot;:{&quot;unit&quot;:&quot;px&quot;,&quot;size&quot;:&quot;&quot;,&quot;sizes&quot;:[]},&quot;_transform_translateY_effect_hover_tablet&quot;:{&quot;unit&quot;:&quot;px&quot;,&quot;size&quot;:&quot;&quot;,&quot;sizes&quot;:[]},&quot;_transform_translateY_effect_hover_mobile&quot;:{&quot;unit&quot;:&quot;px&quot;,&quot;size&quot;:&quot;&quot;,&quot;sizes&quot;:[]}}\" data-widget_type=\"heading.default\">\n\t\t\t\t<div class=\"elementor-widget-container\">\n\t\t\t\t\t<h2 class=\"elementor-heading-title elementor-size-default\">Unser Team<\/h2>\t\t\t\t<\/div>\n\t\t\t\t<\/div>\n\t\t\t\t\t<\/div>\n\t\t\t\t<\/div>\n\t\t\t\t<section class=\"elementor-section elementor-top-section elementor-element elementor-element-31034d1 elementor-section-boxed elementor-section-height-default elementor-section-height-default\" data-id=\"31034d1\" data-element_type=\"section\">\n\t\t\t\t\t\t<div class=\"elementor-container elementor-column-gap-default\">\n\t\t\t\t\t<div class=\"elementor-column elementor-col-100 elementor-top-column elementor-element elementor-element-f5ea400\" data-id=\"f5ea400\" data-element_type=\"column\">\n\t\t\t<div class=\"elementor-widget-wrap elementor-element-populated\">\n\t\t\t\t\t\t<div class=\"elementor-element elementor-element-028cd9f elementor-widget elementor-widget-video\" data-id=\"028cd9f\" data-element_type=\"widget\" data-settings=\"{&quot;video_type&quot;:&quot;hosted&quot;,&quot;loop&quot;:&quot;yes&quot;,&quot;autoplay&quot;:&quot;yes&quot;,&quot;play_on_mobile&quot;:&quot;yes&quot;,&quot;mute&quot;:&quot;yes&quot;}\" data-widget_type=\"video.default\">\n\t\t\t\t<div class=\"elementor-widget-container\">\n\t\t\t\t\t\t\t<div class=\"e-hosted-video elementor-wrapper elementor-open-inline\">\n\t\t\t\t\t<video class=\"elementor-video\" src=\"https:\/\/static-colors.ch\/wp-content\/uploads\/2025\/02\/Equipe.mp4\" autoplay=\"\" loop=\"\" muted=\"muted\" playsinline=\"\" controlslist=\"nodownload\"><\/video>\n\t\t\t\t<\/div>\n\t\t\t\t\t\t<\/div>\n\t\t\t\t<\/div>\n\t\t\t\t\t<\/div>\n\t\t<\/div>\n\t\t\t\t\t<\/div>\n\t\t<\/section>\n\t\t<div class=\"elementor-element elementor-element-db1b4c9 e-flex e-con-boxed e-con e-parent\" data-id=\"db1b4c9\" data-element_type=\"container\">\n\t\t\t\t\t<div class=\"e-con-inner\">\n\t\t\t\t<div class=\"elementor-element elementor-element-4f2923c elementor-widget elementor-widget-spacer\" data-id=\"4f2923c\" data-element_type=\"widget\" data-widget_type=\"spacer.default\">\n\t\t\t\t<div class=\"elementor-widget-container\">\n\t\t\t\t\t\t\t<div class=\"elementor-spacer\">\n\t\t\t<div class=\"elementor-spacer-inner\"><\/div>\n\t\t<\/div>\n\t\t\t\t\t\t<\/div>\n\t\t\t\t<\/div>\n\t\t\t\t\t<\/div>\n\t\t\t\t<\/div>\n\t\t<div class=\"elementor-element elementor-element-7bfa3b4 e-flex e-con-boxed e-con e-parent\" data-id=\"7bfa3b4\" data-element_type=\"container\">\n\t\t\t\t\t<div class=\"e-con-inner\">\n\t\t\t\t<div class=\"elementor-element elementor-element-eb12cca elementor-widget elementor-widget-text-editor\" data-id=\"eb12cca\" data-element_type=\"widget\" data-widget_type=\"text-editor.default\">\n\t\t\t\t<div class=\"elementor-widget-container\">\n\t\t\t\t\t\t\t\t\t<h3><strong>Ein kompetentes Team mit \u00fcber 10 Jahren Branchenerfahrung!<\/strong><\/h3><p>Nos \u00e9quipes sont compos\u00e9es de passionn\u00e9s ayant plus de 10 ans d&#8217;exp\u00e9rience dans le domaine de la peinture \u00e9lectrostatique et du traitement de toutes surfaces m\u00e9talliques. Leur expertise et leur implication garantissent des r\u00e9sultats de haute qualit\u00e9 pour chaque projet.<\/p><p>Gr\u00e2ce \u00e0 leur grande exp\u00e9rience et aux nombreux chantiers r\u00e9alis\u00e9s, ils sont capables de r\u00e9pondre dans des environnements exigeants en termes d&#8217;application et de technique, et de trouver des solutions \u00e0 toute probl\u00e9matique. <strong>Que ce soit pour des projets industriels, commerciaux ou r\u00e9sidentiels, nos \u00e9quipes s&#8217;engagent \u00e0 fournir un service personnalis\u00e9 et adapt\u00e9 \u00e0 vos besoins sp\u00e9cifiques.<\/strong><\/p><p>Wir sind stolz auf unsere F\u00e4higkeit zur Innovation und Anpassung an technische Herausforderungen, w\u00e4hrend wir gleichzeitig hohe Qualit\u00e4ts- und Sicherheitsstandards einhalten.<\/p><p><strong>Notre engagement envers l&#8217;excellence et la satisfaction de nos clients est au c\u0153ur de notre d\u00e9marche.<\/strong><\/p>\t\t\t\t\t\t\t\t<\/div>\n\t\t\t\t<\/div>\n\t\t\t\t\t<\/div>\n\t\t\t\t<\/div>\n\t\t<div class=\"elementor-element elementor-element-0320979 e-flex e-con-boxed e-con e-parent\" data-id=\"0320979\" data-element_type=\"container\">\n\t\t\t\t\t<div class=\"e-con-inner\">\n\t\t\t\t<div class=\"elementor-element elementor-element-884d931 elementor-widget elementor-widget-spacer\" data-id=\"884d931\" data-element_type=\"widget\" data-widget_type=\"spacer.default\">\n\t\t\t\t<div class=\"elementor-widget-container\">\n\t\t\t\t\t\t\t<div class=\"elementor-spacer\">\n\t\t\t<div class=\"elementor-spacer-inner\"><\/div>\n\t\t<\/div>\n\t\t\t\t\t\t<\/div>\n\t\t\t\t<\/div>\n\t\t\t\t\t<\/div>\n\t\t\t\t<\/div>\n\t\t<div class=\"elementor-element elementor-element-4aa2720 e-flex e-con-boxed e-con e-parent\" data-id=\"4aa2720\" data-element_type=\"container\">\n\t\t\t\t\t<div class=\"e-con-inner\">\n\t\t\t\t<div class=\"elementor-element elementor-element-b853bd5 elementor-cta--valign-middle elementor-cta--skin-classic elementor-animated-content elementor-widget elementor-widget-call-to-action\" data-id=\"b853bd5\" data-element_type=\"widget\" data-widget_type=\"call-to-action.default\">\n\t\t\t\t<div class=\"elementor-widget-container\">\n\t\t\t\t\t\t\t<div class=\"elementor-cta\">\n\t\t\t\t\t<div class=\"elementor-cta__bg-wrapper\">\n\t\t\t\t<div class=\"elementor-cta__bg elementor-bg\" style=\"background-image: url(https:\/\/static-colors.ch\/wp-content\/uploads\/2025\/02\/Photo-pour-qui-somme-nous-1-e1739906324857.png);\" role=\"img\" aria-label=\"Photo pour qui somme nous (1)\"><\/div>\n\t\t\t\t<div class=\"elementor-cta__bg-overlay\"><\/div>\n\t\t\t<\/div>\n\t\t\t\t\t\t\t<div class=\"elementor-cta__content\">\n\t\t\t\t\n\t\t\t\t\t\t\t\t\t<h2 class=\"elementor-cta__title elementor-cta__content-item elementor-content-item\">\n\t\t\t\t\t\tSind Sie auf der Suche nach einem Unternehmen f\u00fcr elektrostatische Farbauftragsger\u00e4te?\t\t\t\t\t<\/h2>\n\t\t\t\t\n\t\t\t\t\t\t\t\t\t<div class=\"elementor-cta__description elementor-cta__content-item elementor-content-item\">\n\t\t\t\t\t\tStatic Colors ist Ihr Experte auf dem Gebiet in der Schweiz und international, der ma\u00dfgeschneiderte L\u00f6sungen anbietet.<br>Wir tragen auf allen Metalloberfl\u00e4chen vor Ort mit einem vollkommen sauberen elektrostatischen Lackiersystem auf: <br>\ud83d\uddf8 Schnelle und sichere Intervention \ud83d\uddf8 Kein Farbnebel \ud83d\uddf8 Glatte und gleichm\u00e4\u00dfige Oberfl\u00e4che \ud83d\uddf8 Unbegrenzte Farbpalette \ud83d\uddf8 Tag- und Nachteins\u00e4tze\n<br>\n\n<strong>Erwecken Sie Ihre k\u00fchnsten Projekte mit unserem Know-how zum Leben! <\/strong>\t\t\t\t\t<\/div>\n\t\t\t\t\n\t\t\t\t\t\t\t\t\t<div class=\"elementor-cta__button-wrapper elementor-cta__content-item elementor-content-item\">\n\t\t\t\t\t<a class=\"elementor-cta__button elementor-button elementor-size-\" href=\"https:\/\/static-colors.ch\/de\/nous-contacter\/\">\n\t\t\t\t\t\tKontaktieren Sie uns\t\t\t\t\t<\/a>\n\t\t\t\t\t<\/div>\n\t\t\t\t\t\t\t<\/div>\n\t\t\t\t\t\t\t<div class=\"elementor-ribbon elementor-ribbon-right\">\n\t\t\t\t<div class=\"elementor-ribbon-inner\">Static colors<\/div>\n\t\t\t<\/div>\n\t\t\t\t<\/div>\n\t\t\t\t\t\t<\/div>\n\t\t\t\t<\/div>\n\t\t\t\t\t<\/div>\n\t\t\t\t<\/div>\n\t\t<div class=\"elementor-element elementor-element-c1692aa e-flex e-con-boxed e-con e-parent\" data-id=\"c1692aa\" data-element_type=\"container\">\n\t\t\t\t\t<div class=\"e-con-inner\">\n\t\t\t\t<div class=\"elementor-element elementor-element-a59ab46 elementor-widget elementor-widget-theme-site-logo elementor-widget-image\" data-id=\"a59ab46\" data-element_type=\"widget\" data-widget_type=\"theme-site-logo.default\">\n\t\t\t\t<div class=\"elementor-widget-container\">\n\t\t\t\t\t\t\t\t\t\t\t<a href=\"https:\/\/static-colors.ch\/de\">\n\t\t\t<img fetchpriority=\"high\" decoding=\"async\" width=\"300\" height=\"212\" src=\"https:\/\/static-colors.ch\/wp-content\/uploads\/2025\/01\/LOGO-COULEUR-TEXTE-NOIR-300x212.png\" class=\"attachment-medium size-medium wp-image-25721\" alt=\"\" srcset=\"https:\/\/static-colors.ch\/wp-content\/uploads\/2025\/01\/LOGO-COULEUR-TEXTE-NOIR-300x212.png 300w, https:\/\/static-colors.ch\/wp-content\/uploads\/2025\/01\/LOGO-COULEUR-TEXTE-NOIR-1024x724.png 1024w, https:\/\/static-colors.ch\/wp-content\/uploads\/2025\/01\/LOGO-COULEUR-TEXTE-NOIR-768x543.png 768w, https:\/\/static-colors.ch\/wp-content\/uploads\/2025\/01\/LOGO-COULEUR-TEXTE-NOIR-1536x1086.png 1536w, https:\/\/static-colors.ch\/wp-content\/uploads\/2025\/01\/LOGO-COULEUR-TEXTE-NOIR-2048x1448.png 2048w\" sizes=\"(max-width: 300px) 100vw, 300px\" \/>\t\t\t\t<\/a>\n\t\t\t\t\t\t\t\t\t\t\t<\/div>\n\t\t\t\t<\/div>\n\t\t\t\t\t<\/div>\n\t\t\t\t<\/div>\n\t\t\t\t<\/div>","protected":false},"excerpt":{"rendered":"<p>La soci\u00e9t\u00e9 Static Colors, entreprise locale bas\u00e9e en Suisse Romande, intervient sur l\u2019ensemble du territoire suisse ainsi qu\u2019\u00e0 l\u2019international. Nos \u00e9quipes, fortes de plus de 10 ans d\u2019exp\u00e9rience dans l\u2019application de peintures \u00e9lectrostatiques, mettent leur savoir-faire et leur expertise \u00e0 votre service pour r\u00e9pondre \u00e0 tous vos besoins avec pr\u00e9cision et professionnalisme. Nous avons \u00e9galement [&hellip;]<\/p>","protected":false},"author":2,"featured_media":0,"parent":0,"menu_order":0,"comment_status":"closed","ping_status":"closed","template":"","meta":{"footnotes":""},"class_list":["post-1039","page","type-page","status-publish","hentry"],"blocksy_meta":{"styles_descriptor":{"styles":{"desktop":"","tablet":"","mobile":""},"google_fonts":[],"version":6}},"yoast_head":"<!-- This site is optimized with the Yoast SEO Premium plugin v24.5 (Yoast SEO v24.5) - https:\/\/yoast.com\/wordpress\/plugins\/seo\/ -->\n<title>Qui sommes-nous ? - Static Colors<\/title>\n<meta name=\"description\" content=\"Static Colors c&#039;est plus de 10 ans d&#039;exp\u00e9rience dans l&#039;application de peinture electrostatique et d&#039;engagement envers l&#039;excellence.\" \/>\n<meta name=\"robots\" content=\"index, follow, max-snippet:-1, max-image-preview:large, max-video-preview:-1\" \/>\n<link rel=\"canonical\" href=\"https:\/\/static-colors.ch\/de\/qui-sommes-nous\/\" \/>\n<meta property=\"og:locale\" content=\"de_DE\" \/>\n<meta property=\"og:type\" content=\"article\" \/>\n<meta property=\"og:title\" content=\"Qui sommes-nous ?\" \/>\n<meta property=\"og:description\" content=\"Static Colors c&#039;est plus de 10 ans d&#039;exp\u00e9rience dans l&#039;application de peinture electrostatique et d&#039;engagement envers l&#039;excellence.\" \/>\n<meta property=\"og:url\" content=\"https:\/\/static-colors.ch\/de\/qui-sommes-nous\/\" \/>\n<meta property=\"og:site_name\" content=\"Static Colors\" \/>\n<meta property=\"article:publisher\" content=\"https:\/\/www.facebook.com\/profile.php?id=61573117207803&amp;locale=fr_FR\" \/>\n<meta property=\"article:modified_time\" content=\"2025-03-03T18:16:05+00:00\" \/>\n<meta name=\"twitter:card\" content=\"summary_large_image\" \/>\n<meta name=\"twitter:label1\" content=\"Gesch\u00e4tzte Lesezeit\" \/>\n\t<meta name=\"twitter:data1\" content=\"2 Minuten\" \/>\n<script type=\"application\/ld+json\" class=\"yoast-schema-graph\">{\"@context\":\"https:\/\/schema.org\",\"@graph\":[{\"@type\":\"WebPage\",\"@id\":\"https:\/\/static-colors.ch\/qui-sommes-nous\/\",\"url\":\"https:\/\/static-colors.ch\/qui-sommes-nous\/\",\"name\":\"Qui sommes-nous ? - Static Colors\",\"isPartOf\":{\"@id\":\"https:\/\/static-colors.ch\/#website\"},\"datePublished\":\"2021-12-21T20:12:56+00:00\",\"dateModified\":\"2025-03-03T18:16:05+00:00\",\"description\":\"Static Colors c'est plus de 10 ans d'exp\u00e9rience dans l'application de peinture electrostatique et d'engagement envers l'excellence.\",\"breadcrumb\":{\"@id\":\"https:\/\/static-colors.ch\/qui-sommes-nous\/#breadcrumb\"},\"inLanguage\":\"de-CH\",\"potentialAction\":[{\"@type\":\"ReadAction\",\"target\":[\"https:\/\/static-colors.ch\/qui-sommes-nous\/\"]}]},{\"@type\":\"BreadcrumbList\",\"@id\":\"https:\/\/static-colors.ch\/qui-sommes-nous\/#breadcrumb\",\"itemListElement\":[{\"@type\":\"ListItem\",\"position\":1,\"name\":\"Home\",\"item\":\"https:\/\/static-colors.ch\/\"},{\"@type\":\"ListItem\",\"position\":2,\"name\":\"Qui sommes-nous ?\"}]},{\"@type\":\"WebSite\",\"@id\":\"https:\/\/static-colors.ch\/#website\",\"url\":\"https:\/\/static-colors.ch\/\",\"name\":\"Static Colors\",\"description\":\"Your solution for all metal coatings\",\"publisher\":{\"@id\":\"https:\/\/static-colors.ch\/#organization\"},\"potentialAction\":[{\"@type\":\"SearchAction\",\"target\":{\"@type\":\"EntryPoint\",\"urlTemplate\":\"https:\/\/static-colors.ch\/?s={search_term_string}\"},\"query-input\":{\"@type\":\"PropertyValueSpecification\",\"valueRequired\":true,\"valueName\":\"search_term_string\"}}],\"inLanguage\":\"de-CH\"},{\"@type\":\"Organization\",\"@id\":\"https:\/\/static-colors.ch\/#organization\",\"name\":\"Static Colors\",\"url\":\"https:\/\/static-colors.ch\/\",\"logo\":{\"@type\":\"ImageObject\",\"inLanguage\":\"de-CH\",\"@id\":\"https:\/\/static-colors.ch\/#\/schema\/logo\/image\/\",\"url\":\"https:\/\/static-colors.ch\/wp-content\/uploads\/2025\/01\/LOGO-COULEUR-TEXTE-NOIR.png\",\"contentUrl\":\"https:\/\/static-colors.ch\/wp-content\/uploads\/2025\/01\/LOGO-COULEUR-TEXTE-NOIR.png\",\"width\":3508,\"height\":2481,\"caption\":\"Static Colors\"},\"image\":{\"@id\":\"https:\/\/static-colors.ch\/#\/schema\/logo\/image\/\"},\"sameAs\":[\"https:\/\/www.facebook.com\/profile.php?id=61573117207803&locale=fr_FR\",\"https:\/\/www.linkedin.com\/company\/static-colors\/\"]}]}<\/script>\n<!-- \/ Yoast SEO Premium plugin. -->","yoast_head_json":{"title":"Qui sommes-nous ? - Static Colors","description":"Static Colors c'est plus de 10 ans d'exp\u00e9rience dans l'application de peinture electrostatique et d'engagement envers l'excellence.","robots":{"index":"index","follow":"follow","max-snippet":"max-snippet:-1","max-image-preview":"max-image-preview:large","max-video-preview":"max-video-preview:-1"},"canonical":"https:\/\/static-colors.ch\/de\/qui-sommes-nous\/","og_locale":"de_DE","og_type":"article","og_title":"Qui sommes-nous ?","og_description":"Static Colors c'est plus de 10 ans d'exp\u00e9rience dans l'application de peinture electrostatique et d'engagement envers l'excellence.","og_url":"https:\/\/static-colors.ch\/de\/qui-sommes-nous\/","og_site_name":"Static Colors","article_publisher":"https:\/\/www.facebook.com\/profile.php?id=61573117207803&locale=fr_FR","article_modified_time":"2025-03-03T18:16:05+00:00","twitter_card":"summary_large_image","twitter_misc":{"Gesch\u00e4tzte Lesezeit":"2 Minuten"},"schema":{"@context":"https:\/\/schema.org","@graph":[{"@type":"WebPage","@id":"https:\/\/static-colors.ch\/qui-sommes-nous\/","url":"https:\/\/static-colors.ch\/qui-sommes-nous\/","name":"Qui sommes-nous ? - Static Colors","isPartOf":{"@id":"https:\/\/static-colors.ch\/#website"},"datePublished":"2021-12-21T20:12:56+00:00","dateModified":"2025-03-03T18:16:05+00:00","description":"Static Colors c'est plus de 10 ans d'exp\u00e9rience dans l'application de peinture electrostatique et d'engagement envers l'excellence.","breadcrumb":{"@id":"https:\/\/static-colors.ch\/qui-sommes-nous\/#breadcrumb"},"inLanguage":"de-CH","potentialAction":[{"@type":"ReadAction","target":["https:\/\/static-colors.ch\/qui-sommes-nous\/"]}]},{"@type":"BreadcrumbList","@id":"https:\/\/static-colors.ch\/qui-sommes-nous\/#breadcrumb","itemListElement":[{"@type":"ListItem","position":1,"name":"Home","item":"https:\/\/static-colors.ch\/"},{"@type":"ListItem","position":2,"name":"Qui sommes-nous ?"}]},{"@type":"WebSite","@id":"https:\/\/static-colors.ch\/#website","url":"https:\/\/static-colors.ch\/","name":"Static Colors","description":"Your solution for all metal coatings","publisher":{"@id":"https:\/\/static-colors.ch\/#organization"},"potentialAction":[{"@type":"SearchAction","target":{"@type":"EntryPoint","urlTemplate":"https:\/\/static-colors.ch\/?s={search_term_string}"},"query-input":{"@type":"PropertyValueSpecification","valueRequired":true,"valueName":"search_term_string"}}],"inLanguage":"de-CH"},{"@type":"Organization","@id":"https:\/\/static-colors.ch\/#organization","name":"Static Colors","url":"https:\/\/static-colors.ch\/","logo":{"@type":"ImageObject","inLanguage":"de-CH","@id":"https:\/\/static-colors.ch\/#\/schema\/logo\/image\/","url":"https:\/\/static-colors.ch\/wp-content\/uploads\/2025\/01\/LOGO-COULEUR-TEXTE-NOIR.png","contentUrl":"https:\/\/static-colors.ch\/wp-content\/uploads\/2025\/01\/LOGO-COULEUR-TEXTE-NOIR.png","width":3508,"height":2481,"caption":"Static Colors"},"image":{"@id":"https:\/\/static-colors.ch\/#\/schema\/logo\/image\/"},"sameAs":["https:\/\/www.facebook.com\/profile.php?id=61573117207803&locale=fr_FR","https:\/\/www.linkedin.com\/company\/static-colors\/"]}]}},"_links":{"self":[{"href":"https:\/\/static-colors.ch\/de\/wp-json\/wp\/v2\/pages\/1039","targetHints":{"allow":["GET"]}}],"collection":[{"href":"https:\/\/static-colors.ch\/de\/wp-json\/wp\/v2\/pages"}],"about":[{"href":"https:\/\/static-colors.ch\/de\/wp-json\/wp\/v2\/types\/page"}],"author":[{"embeddable":true,"href":"https:\/\/static-colors.ch\/de\/wp-json\/wp\/v2\/users\/2"}],"replies":[{"embeddable":true,"href":"https:\/\/static-colors.ch\/de\/wp-json\/wp\/v2\/comments?post=1039"}],"version-history":[{"count":72,"href":"https:\/\/static-colors.ch\/de\/wp-json\/wp\/v2\/pages\/1039\/revisions"}],"predecessor-version":[{"id":27260,"href":"https:\/\/static-colors.ch\/de\/wp-json\/wp\/v2\/pages\/1039\/revisions\/27260"}],"wp:attachment":[{"href":"https:\/\/static-colors.ch\/de\/wp-json\/wp\/v2\/media?parent=1039"}],"curies":[{"name":"wp","href":"https:\/\/api.w.org\/{rel}","templated":true}]}}